{"id":368,"date":"2019-01-27T05:26:49","date_gmt":"2019-01-27T05:26:49","guid":{"rendered":"http:\/\/democontent.codex-themes.com\/sites-wpb-v5\/agency-light\/portfolio-copy\/"},"modified":"2024-01-25T12:21:14","modified_gmt":"2024-01-25T12:21:14","slug":"home","status":"publish","type":"page","link":"https:\/\/www.dated.org.tr\/","title":{"rendered":"Homepage"},"content":{"rendered":"<div class=\"wpb-content-wrapper\"><p>[vc_row full_width=&#8221;stretch_row_content_no_spaces&#8221; equal_height=&#8221;yes&#8221; css=&#8221;.vc_custom_1550842308747{margin-bottom: 0px !important;padding-bottom: 0px !important;}&#8221;][vc_column disable_custom_paddings_mobile=&#8221;true&#8221; css=&#8221;.vc_custom_1706183676559{padding-right: 190px !important;padding-left: 70px !important;background-color: #323236 !important;background-position: center !important;background-repeat: no-repeat !important;background-size: contain !important;}&#8221; offset=&#8221;vc_col-md-6 vc_col-sm-offset-0&#8243; el_class=&#8221;verticalPageTitle&#8221;]<div class=\"clearboth\"><\/div><style>#thegem-divider-69f4ecf05e22d {margin-top: 85px !important;}<\/style><div id=\"thegem-divider-69f4ecf05e22d\" class=\"gem-divider  \" style=\"\" ><\/div><div class=\"clearboth\"><\/div><style>#thegem-divider-69f4ecf05e3f7 {margin-top: 270px !important;}<\/style><div id=\"thegem-divider-69f4ecf05e3f7\" class=\"gem-divider  divider-hidden\" style=\"\" ><\/div>[vc_column_text css_animation=&#8221;bottom-to-top&#8221;]<\/p>\n<div class=\"title-xlarge\"><span style=\"color: #ffffff;\">DATED.ORG.TR<\/span><\/div>\n<p>[\/vc_column_text]<div class=\"clearboth\"><\/div><style>#thegem-divider-69f4ecf05e418 {margin-top: 40px !important;}<\/style><div id=\"thegem-divider-69f4ecf05e418\" class=\"gem-divider  \" style=\"\" ><\/div>[vc_column_text css_animation=&#8221;bottom-to-top&#8221;]<\/p>\n<div class=\"styled-subtitle\"><span style=\"color: #ffffff;\">Davran\u0131\u015f Terapileri Derne\u011fi<\/span><\/div>\n<p>[\/vc_column_text]<div class=\"clearboth\"><\/div><style>#thegem-divider-69f4ecf05e42d {margin-top: 90px !important;}<\/style><div id=\"thegem-divider-69f4ecf05e42d\" class=\"gem-divider  \" style=\"\" ><\/div>[\/vc_column][vc_column css=&#8221;.vc_custom_1706185271722{padding-top: 350px !important;background-image: url(https:\/\/www.dated.org.tr\/wp-content\/uploads\/2024\/01\/media.jpg?id=2037) !important;background-position: center !important;background-repeat: no-repeat !important;background-size: cover !important;}&#8221; offset=&#8221;vc_col-md-6&#8243;]<div class=\"clearboth\"><\/div><style>#thegem-divider-69f4ecf05e43d {margin-top: 500px !important;}<\/style><div id=\"thegem-divider-69f4ecf05e43d\" class=\"gem-divider  \" style=\"\" ><\/div>[\/vc_column][\/vc_row]<\/p>\n<\/div>","protected":false},"excerpt":{"rendered":"<p>[vc_row full_width=&#8221;stretch_row_content_no_spaces&#8221; equal_height=&#8221;yes&#8221; css=&#8221;.vc_custom_1550842308747{margin-bottom: 0px !important;padding-bottom: 0px !important;}&#8221;][vc_column disable_custom_paddings_mobile=&#8221;true&#8221; css=&#8221;.vc_custom_1706183676559{padding-right: 190px !important;padding-left: 70px !important;background-color: #323236 !important;background-position: center !important;background-repeat: no-repeat !important;background-size: contain !important;}&#8221; offset=&#8221;vc_col-md-6 vc_col-sm-offset-0&#8243; el_class=&#8221;verticalPageTitle&#8221;][vc_column_text css_animation=&#8221;bottom-to-top&#8221;] DATED.ORG.TR [\/vc_column_text][vc_column_text css_animation=&#8221;bottom-to-top&#8221;] Davran\u0131\u015f&#8230;<\/p>\n","protected":false},"author":1,"featured_media":0,"parent":0,"menu_order":0,"comment_status":"closed","ping_status":"closed","template":"","meta":{"footnotes":""},"class_list":["post-368","page","type-page","status-publish"],"_links":{"self":[{"href":"https:\/\/www.dated.org.tr\/index.php?rest_route=\/wp\/v2\/pages\/368","targetHints":{"allow":["GET"]}}],"collection":[{"href":"https:\/\/www.dated.org.tr\/index.php?rest_route=\/wp\/v2\/pages"}],"about":[{"href":"https:\/\/www.dated.org.tr\/index.php?rest_route=\/wp\/v2\/types\/page"}],"author":[{"embeddable":true,"href":"https:\/\/www.dated.org.tr\/index.php?rest_route=\/wp\/v2\/users\/1"}],"replies":[{"embeddable":true,"href":"https:\/\/www.dated.org.tr\/index.php?rest_route=%2Fwp%2Fv2%2Fcomments&post=368"}],"version-history":[{"count":9,"href":"https:\/\/www.dated.org.tr\/index.php?rest_route=\/wp\/v2\/pages\/368\/revisions"}],"predecessor-version":[{"id":2039,"href":"https:\/\/www.dated.org.tr\/index.php?rest_route=\/wp\/v2\/pages\/368\/revisions\/2039"}],"wp:attachment":[{"href":"https:\/\/www.dated.org.tr\/index.php?rest_route=%2Fwp%2Fv2%2Fmedia&parent=368"}],"curies":[{"name":"wp","href":"https:\/\/api.w.org\/{rel}","templated":true}]}}