{"id":2040,"date":"2024-01-25T12:23:22","date_gmt":"2024-01-25T12:23:22","guid":{"rendered":"https:\/\/www.dated.org.tr\/?page_id=2040"},"modified":"2024-01-25T12:23:22","modified_gmt":"2024-01-25T12:23:22","slug":"hakkimizda","status":"publish","type":"page","link":"https:\/\/www.dated.org.tr\/?page_id=2040","title":{"rendered":"Hakk\u0131m\u0131zda"},"content":{"rendered":"<div class=\"wpb-content-wrapper\"><p>[vc_row full_width=&#8221;stretch_row_content_no_spaces&#8221; equal_height=&#8221;yes&#8221; css=&#8221;.vc_custom_1550842308747{margin-bottom: 0px !important;padding-bottom: 0px !important;}&#8221;][vc_column disable_custom_paddings_mobile=&#8221;true&#8221; css=&#8221;.vc_custom_1706183676559{padding-right: 190px !important;padding-left: 70px !important;background-color: #323236 !important;background-position: center !important;background-repeat: no-repeat !important;background-size: contain !important;}&#8221; offset=&#8221;vc_col-md-6 vc_col-sm-offset-0&#8243; el_class=&#8221;verticalPageTitle&#8221;]<div class=\"clearboth\"><\/div><style>#thegem-divider-69f506acb0ab9 {margin-top: 85px !important;}<\/style><div id=\"thegem-divider-69f506acb0ab9\" class=\"gem-divider  \" style=\"\" ><\/div><div class=\"clearboth\"><\/div><style>#thegem-divider-69f506acb0f50 {margin-top: 270px !important;}<\/style><div id=\"thegem-divider-69f506acb0f50\" class=\"gem-divider  divider-hidden\" style=\"\" ><\/div>[vc_column_text css_animation=&#8221;bottom-to-top&#8221;]<\/p>\n<div class=\"title-xlarge\"><span style=\"color: #ffffff;\">HAKKIMIZDA<\/span><\/div>\n<p>[\/vc_column_text]<div class=\"clearboth\"><\/div><style>#thegem-divider-69f506acb0f6c {margin-top: 40px !important;}<\/style><div id=\"thegem-divider-69f506acb0f6c\" class=\"gem-divider  \" style=\"\" ><\/div>[vc_column_text css_animation=&#8221;bottom-to-top&#8221;]<\/p>\n<div class=\"styled-subtitle\"><span style=\"color: #ffffff;\">Davran\u0131\u015f Terapileri Derne\u011fi&#8217;nin amac\u0131, toplumda psikolojik sa\u011fl\u0131\u011f\u0131 ve esenli\u011fi g\u00fc\u00e7lendirmek i\u00e7in davran\u0131\u015f terapilerini tan\u0131tmak; teorik altyap\u0131s\u0131n\u0131, bilimsel temelini ve klinik uygulamalar\u0131n\u0131 \u00f6\u011fretmek; kullan\u0131lma s\u0131kl\u0131\u011f\u0131n\u0131 ve uygulama alanlar\u0131n\u0131 yayg\u0131nla\u015ft\u0131rmakt\u0131r.<\/span><\/div>\n<p>[\/vc_column_text]<div class=\"clearboth\"><\/div><style>#thegem-divider-69f506acb0f7b {margin-top: 90px !important;}<\/style><div id=\"thegem-divider-69f506acb0f7b\" class=\"gem-divider  \" style=\"\" ><\/div>[\/vc_column][vc_column css=&#8221;.vc_custom_1706185271722{padding-top: 350px !important;background-image: url(https:\/\/www.dated.org.tr\/wp-content\/uploads\/2024\/01\/media.jpg?id=2037) !important;background-position: center !important;background-repeat: no-repeat !important;background-size: cover !important;}&#8221; offset=&#8221;vc_col-md-6&#8243;]<div class=\"clearboth\"><\/div><style>#thegem-divider-69f506acb0f88 {margin-top: 500px !important;}<\/style><div id=\"thegem-divider-69f506acb0f88\" class=\"gem-divider  \" style=\"\" ><\/div>[\/vc_column][\/vc_row]<\/p>\n<\/div>","protected":false},"excerpt":{"rendered":"<p>[vc_row full_width=&#8221;stretch_row_content_no_spaces&#8221; equal_height=&#8221;yes&#8221; css=&#8221;.vc_custom_1550842308747{margin-bottom: 0px !important;padding-bottom: 0px !important;}&#8221;][vc_column disable_custom_paddings_mobile=&#8221;true&#8221; css=&#8221;.vc_custom_1706183676559{padding-right: 190px !important;padding-left: 70px !important;background-color: #323236 !important;background-position: center !important;background-repeat: no-repeat !important;background-size: contain !important;}&#8221; offset=&#8221;vc_col-md-6 vc_col-sm-offset-0&#8243; el_class=&#8221;verticalPageTitle&#8221;][vc_column_text css_animation=&#8221;bottom-to-top&#8221;] HAKKIMIZDA [\/vc_column_text][vc_column_text css_animation=&#8221;bottom-to-top&#8221;] Davran\u0131\u015f&#8230;<\/p>\n","protected":false},"author":1,"featured_media":0,"parent":0,"menu_order":0,"comment_status":"closed","ping_status":"closed","template":"","meta":{"footnotes":""},"class_list":["post-2040","page","type-page","status-publish"],"_links":{"self":[{"href":"https:\/\/www.dated.org.tr\/index.php?rest_route=\/wp\/v2\/pages\/2040","targetHints":{"allow":["GET"]}}],"collection":[{"href":"https:\/\/www.dated.org.tr\/index.php?rest_route=\/wp\/v2\/pages"}],"about":[{"href":"https:\/\/www.dated.org.tr\/index.php?rest_route=\/wp\/v2\/types\/page"}],"author":[{"embeddable":true,"href":"https:\/\/www.dated.org.tr\/index.php?rest_route=\/wp\/v2\/users\/1"}],"replies":[{"embeddable":true,"href":"https:\/\/www.dated.org.tr\/index.php?rest_route=%2Fwp%2Fv2%2Fcomments&post=2040"}],"version-history":[{"count":1,"href":"https:\/\/www.dated.org.tr\/index.php?rest_route=\/wp\/v2\/pages\/2040\/revisions"}],"predecessor-version":[{"id":2042,"href":"https:\/\/www.dated.org.tr\/index.php?rest_route=\/wp\/v2\/pages\/2040\/revisions\/2042"}],"wp:attachment":[{"href":"https:\/\/www.dated.org.tr\/index.php?rest_route=%2Fwp%2Fv2%2Fmedia&parent=2040"}],"curies":[{"name":"wp","href":"https:\/\/api.w.org\/{rel}","templated":true}]}}